{"id":21,"date":"2026-03-09T11:48:31","date_gmt":"2026-03-09T10:48:31","guid":{"rendered":"https:\/\/musidrama.fr\/factory\/?page_id=21"},"modified":"2026-04-01T10:03:49","modified_gmt":"2026-04-01T08:03:49","slug":"contact","status":"publish","type":"page","link":"https:\/\/musidrama.fr\/factory\/contact\/","title":{"rendered":"Contact"},"content":{"rendered":"<h3>Administration<\/h3>\n<div class=\"contact-person\">\n<p><img decoding=\"async\" class=\"contact-person__avatar\" src=\"https:\/\/musidrama.fr\/factory\/wp-content\/uploads\/2026\/04\/emilie-e1775030568747-241x300.jpg\" alt=\"Emilie Peyre\" \/><\/p>\n<div class=\"contact-person__info\">\n<p class=\"contact-person__name\">Emilie Peyre<\/p>\n<div class=\"contact-person__links\"><a class=\"contact-person__link\" href=\"mailto:emilie@musidrama.fr\">\u2709 emilie@musidrama.fr<\/a><\/div>\n<\/div>\n<\/div>\n<h3>Directrice p\u00e9dagogique<\/h3>\n<div class=\"contact-person\">\n<p><img decoding=\"async\" class=\"contact-person__avatar\" src=\"https:\/\/www.musidrama.fr\/ateliers\/assets\/images\/profs\/ruby.jpg\" alt=\"Charlotte Ruby\" \/><\/p>\n<div class=\"contact-person__info\">\n<p class=\"contact-person__name\">Charlotte Ruby<\/p>\n<div class=\"contact-person__links\"><a class=\"contact-person__link\" href=\"mailto:ruby@musidrama.fr\">\u2709 ruby@musidrama.fr<\/a><\/div>\n<\/div>\n<\/div>\n<h3>Directeur artistique<\/h3>\n<div class=\"contact-person\">\n<p><img decoding=\"async\" class=\"contact-person__avatar\" src=\"https:\/\/www.musidrama.fr\/ateliers\/assets\/images\/contacts\/samuel-sene-2016.jpg\" alt=\"Samuel Sen\u00e9\" \/><\/p>\n<div class=\"contact-person__info\">\n<p class=\"contact-person__name\">Samuel Sen\u00e9<\/p>\n<div class=\"contact-person__links\"><a class=\"contact-person__link\" href=\"mailto:samuel@musidrama.fr\">\u2709 samuel@musidrama.fr<\/a><br \/>\n<a class=\"contact-person__link\" href=\"http:\/\/www.samuelsene.fr\" target=\"_blank\" rel=\"noopener\">\u2197 samuelsene.fr<\/a><\/div>\n<\/div>\n<\/div>\n<h3>Pr\u00e9sident et r\u00e9f\u00e9rent handicap<\/h3>\n<div class=\"contact-person\">\n<p><img decoding=\"async\" class=\"contact-person__avatar\" src=\"https:\/\/www.musidrama.fr\/ateliers\/assets\/images\/contacts\/marc-delaitre.jpg\" alt=\"Marc Delaitre\" \/><\/p>\n<div class=\"contact-person__info\">\n<p class=\"contact-person__name\">Marc Delaitre<\/p>\n<div class=\"contact-person__links\"><a class=\"contact-person__link\" href=\"mailto:marc@musidrama.fr\">\u2709 marc@musidrama.fr<\/a><\/div>\n<\/div>\n<\/div>\n","protected":false},"excerpt":{"rendered":"<p>Administration Emilie Peyre \u2709 emilie@musidrama.fr Directrice p\u00e9dagogique Charlotte Ruby \u2709 ruby@musidrama.fr Directeur artistique Samuel Sen\u00e9 \u2709 samuel@musidrama.fr \u2197 samuelsene.fr Pr\u00e9sident et r\u00e9f\u00e9rent handicap Marc Delaitre \u2709 marc@musidrama.fr<\/p>\n","protected":false},"author":1,"featured_media":0,"parent":0,"menu_order":7,"comment_status":"closed","ping_status":"closed","template":"contact.php","meta":{"_acf_changed":false,"footnotes":""},"class_list":["post-21","page","type-page","status-publish","hentry"],"acf":[],"_links":{"self":[{"href":"https:\/\/musidrama.fr\/factory\/wp-json\/wp\/v2\/pages\/21","targetHints":{"allow":["GET"]}}],"collection":[{"href":"https:\/\/musidrama.fr\/factory\/wp-json\/wp\/v2\/pages"}],"about":[{"href":"https:\/\/musidrama.fr\/factory\/wp-json\/wp\/v2\/types\/page"}],"author":[{"embeddable":true,"href":"https:\/\/musidrama.fr\/factory\/wp-json\/wp\/v2\/users\/1"}],"replies":[{"embeddable":true,"href":"https:\/\/musidrama.fr\/factory\/wp-json\/wp\/v2\/comments?post=21"}],"version-history":[{"count":13,"href":"https:\/\/musidrama.fr\/factory\/wp-json\/wp\/v2\/pages\/21\/revisions"}],"predecessor-version":[{"id":298,"href":"https:\/\/musidrama.fr\/factory\/wp-json\/wp\/v2\/pages\/21\/revisions\/298"}],"wp:attachment":[{"href":"https:\/\/musidrama.fr\/factory\/wp-json\/wp\/v2\/media?parent=21"}],"curies":[{"name":"wp","href":"https:\/\/api.w.org\/{rel}","templated":true}]}}