{"id":19,"date":"2026-03-09T11:48:22","date_gmt":"2026-03-09T10:48:22","guid":{"rendered":"https:\/\/musidrama.fr\/factory\/?page_id=19"},"modified":"2026-03-29T18:56:35","modified_gmt":"2026-03-29T16:56:35","slug":"livres","status":"publish","type":"page","link":"https:\/\/musidrama.fr\/factory\/livres\/","title":{"rendered":"Livres"},"content":{"rendered":"<h2>Livres<\/h2>\n<div class=\"accordeon\">\n<h3>Volume 1 : le chant<\/h3>\n<p>Le premier guide technique et pratique d&rsquo;\u00e9chauffement au chant sur le march\u00e9<\/p>\n<p><iframe loading=\"lazy\" title=\"\" src=\"https:\/\/www.youtube.com\/embed\/5fIy_YkPO8E?wmode=opaque&amp;theme=dark\" width=\"560\" height=\"315\" frameborder=\"0\" allowfullscreen=\"allowfullscreen\" data-mce-fragment=\"1\"><\/iframe><\/p>\n<h3>La collection &#8211; Volumes 1 et 2<\/h3>\n<p><i>Allez, on s\u2019\u00e9chauffe !<\/i>\u00a0est une collection d\u00e9di\u00e9e aux \u00e9chauffement. Le volume 1 \u00ab\u00a0Le chant\u00a0\u00bb est le premier manuel d\u2019\u00e9chauffement vocal pratique propos\u00e9 sur le march\u00e9. Ludique et complet, il couvre entre autre des exercices de respiration, des exercices rythmiques, polyphoniques, des exercices de prononciation, etc. en proposant des partitions, des conseils techniques et pratiques \u00e0 chaque page. Le volume 2, \u00ab\u00a0La voix\u00a0\u00bb, est destin\u00e9e \u00e0 tous les professionnels utilisant leur voix r\u00e9guli\u00e8rement : conf\u00e9renciers, professeurs, com\u00e9diens, avocats, commerciaux, etc&#8230;<\/p>\n<h3>Un guide technique et pratique<\/h3>\n<p><img loading=\"lazy\" decoding=\"async\" class=\"alignleft\" src=\"https:\/\/www.musidrama.fr\/ateliers\/assets\/images\/livre\/couv.jpg\" width=\"150\" height=\"213\" \/>Dans ce livre vous trouverez un rappel simple et abordable de quelques notions techniques de base, mais aussi et surtout un floril\u00e8ge d\u2019exercices d\u2019\u00e9chauffements vari\u00e9s accompagn\u00e9s de consignes et de conseils. \u00c0 vous ensuite de constituer vos propres routines d\u2019\u00e9chauffement sur mesure, ou alors de suivre celles qui vous sont propos\u00e9es. Pr\u00e9cision, p\u00e9dagogie et humour sont les ma\u00eetres mots de cet ouvrage s\u00e9rieux et d\u00e9cal\u00e9.<\/p>\n<p>Que vous soyez chanteur de douche ou d\u2019op\u00e9ra, rock star ou professeur des \u00e9coles, animateur ou metteur en sc\u00e8ne, chef de ch\u0153ur ou chef d\u2019orchestre, pour les jeunes et les plus tout \u00e0 fait jeunes, les blondes ou les bruns\u2026 voil\u00e0 de quoi vous donner de nouvelles id\u00e9es et varier les plaisirs de l\u2019\u00e9chauffement !<\/p>\n<\/div>\n","protected":false},"excerpt":{"rendered":"<p>Livres Volume 1 : le chant Le premier guide technique et pratique d&rsquo;\u00e9chauffement au chant sur le march\u00e9 La collection &#8211; Volumes 1 et 2 Allez, on s\u2019\u00e9chauffe !\u00a0est une collection d\u00e9di\u00e9e aux \u00e9chauffement. Le volume 1 \u00ab\u00a0Le chant\u00a0\u00bb est le premier manuel d\u2019\u00e9chauffement vocal pratique propos\u00e9 sur le march\u00e9. Ludique et complet, il couvre &hellip; <a href=\"https:\/\/musidrama.fr\/factory\/livres\/\" class=\"more-link\">Continue reading <span class=\"screen-reader-text\">Livres<\/span><\/a><\/p>\n","protected":false},"author":1,"featured_media":0,"parent":0,"menu_order":6,"comment_status":"closed","ping_status":"closed","template":"page-type.php","meta":{"_acf_changed":false,"footnotes":""},"class_list":["post-19","page","type-page","status-publish","hentry"],"acf":[],"_links":{"self":[{"href":"https:\/\/musidrama.fr\/factory\/wp-json\/wp\/v2\/pages\/19","targetHints":{"allow":["GET"]}}],"collection":[{"href":"https:\/\/musidrama.fr\/factory\/wp-json\/wp\/v2\/pages"}],"about":[{"href":"https:\/\/musidrama.fr\/factory\/wp-json\/wp\/v2\/types\/page"}],"author":[{"embeddable":true,"href":"https:\/\/musidrama.fr\/factory\/wp-json\/wp\/v2\/users\/1"}],"replies":[{"embeddable":true,"href":"https:\/\/musidrama.fr\/factory\/wp-json\/wp\/v2\/comments?post=19"}],"version-history":[{"count":14,"href":"https:\/\/musidrama.fr\/factory\/wp-json\/wp\/v2\/pages\/19\/revisions"}],"predecessor-version":[{"id":274,"href":"https:\/\/musidrama.fr\/factory\/wp-json\/wp\/v2\/pages\/19\/revisions\/274"}],"wp:attachment":[{"href":"https:\/\/musidrama.fr\/factory\/wp-json\/wp\/v2\/media?parent=19"}],"curies":[{"name":"wp","href":"https:\/\/api.w.org\/{rel}","templated":true}]}}