{"id":172,"date":"2026-03-24T10:45:28","date_gmt":"2026-03-24T09:45:28","guid":{"rendered":"https:\/\/musidrama.fr\/factory\/?page_id=172"},"modified":"2026-03-27T12:22:42","modified_gmt":"2026-03-27T11:22:42","slug":"mentions-legales","status":"publish","type":"page","link":"https:\/\/musidrama.fr\/factory\/mentions-legales\/","title":{"rendered":"Mentions l\u00e9gales"},"content":{"rendered":"<h2>Mentions l\u00e9gales<\/h2>\n<h3>Directeur de la publication<\/h3>\n<p>Marc Delaitre<br \/>\nmarc@musidrama.fr<\/p>\n<h3>H\u00e9bergement<\/h3>\n<p>OVH<br \/>\n2, rue Kellermann<br \/>\n59100 Roubaix<\/p>\n<h3>Propri\u00e9t\u00e9 intellectuelle<\/h3>\n<p>L&rsquo;ensemble du contenu de ce site \u2014 textes, images, vid\u00e9os, logos \u2014 est la propri\u00e9t\u00e9 exclusive de Musidrama Factory ou de ses partenaires, et est prot\u00e9g\u00e9 par les lois fran\u00e7aises et internationales relatives \u00e0 la propri\u00e9t\u00e9 intellectuelle. Toute reproduction, repr\u00e9sentation ou diffusion, totale ou partielle, sans autorisation \u00e9crite pr\u00e9alable est interdite.<\/p>\n<h3>Cr\u00e9dit photos<\/h3>\n<p>\ud83d\udcf8 Florian Piozzoli<\/p>\n<h3>Liens hypertextes<\/h3>\n<p>Le site musidrama.fr\/factory peut contenir des liens vers des sites tiers. Musidrama Factory n&rsquo;exerce aucun contr\u00f4le sur ces sites et d\u00e9cline toute responsabilit\u00e9 quant \u00e0 leur contenu.<\/p>\n<h3>Droit applicable<\/h3>\n<p>Les pr\u00e9sentes mentions l\u00e9gales sont soumises au droit fran\u00e7ais. En cas de litige, les tribunaux fran\u00e7ais seront seuls comp\u00e9tents.<\/p>\n","protected":false},"excerpt":{"rendered":"<p>Mentions l\u00e9gales Directeur de la publication Marc Delaitre marc@musidrama.fr H\u00e9bergement OVH 2, rue Kellermann 59100 Roubaix Propri\u00e9t\u00e9 intellectuelle L&rsquo;ensemble du contenu de ce site \u2014 textes, images, vid\u00e9os, logos \u2014 est la propri\u00e9t\u00e9 exclusive de Musidrama Factory ou de ses partenaires, et est prot\u00e9g\u00e9 par les lois fran\u00e7aises et internationales relatives \u00e0 la propri\u00e9t\u00e9 intellectuelle. &hellip; <a href=\"https:\/\/musidrama.fr\/factory\/mentions-legales\/\" class=\"more-link\">Continue reading <span class=\"screen-reader-text\">Mentions l\u00e9gales<\/span><\/a><\/p>\n","protected":false},"author":1,"featured_media":0,"parent":0,"menu_order":8,"comment_status":"closed","ping_status":"closed","template":"page-type.php","meta":{"_acf_changed":false,"footnotes":""},"class_list":["post-172","page","type-page","status-publish","hentry"],"acf":[],"_links":{"self":[{"href":"https:\/\/musidrama.fr\/factory\/wp-json\/wp\/v2\/pages\/172","targetHints":{"allow":["GET"]}}],"collection":[{"href":"https:\/\/musidrama.fr\/factory\/wp-json\/wp\/v2\/pages"}],"about":[{"href":"https:\/\/musidrama.fr\/factory\/wp-json\/wp\/v2\/types\/page"}],"author":[{"embeddable":true,"href":"https:\/\/musidrama.fr\/factory\/wp-json\/wp\/v2\/users\/1"}],"replies":[{"embeddable":true,"href":"https:\/\/musidrama.fr\/factory\/wp-json\/wp\/v2\/comments?post=172"}],"version-history":[{"count":6,"href":"https:\/\/musidrama.fr\/factory\/wp-json\/wp\/v2\/pages\/172\/revisions"}],"predecessor-version":[{"id":204,"href":"https:\/\/musidrama.fr\/factory\/wp-json\/wp\/v2\/pages\/172\/revisions\/204"}],"wp:attachment":[{"href":"https:\/\/musidrama.fr\/factory\/wp-json\/wp\/v2\/media?parent=172"}],"curies":[{"name":"wp","href":"https:\/\/api.w.org\/{rel}","templated":true}]}}