{"id":11,"date":"2026-03-31T11:47:39","date_gmt":"2026-03-31T09:47:39","guid":{"rendered":"https:\/\/musidrama.fr\/factory\/?page_id=11"},"modified":"2026-04-01T12:47:47","modified_gmt":"2026-04-01T10:47:47","slug":"formations","status":"publish","type":"page","link":"https:\/\/musidrama.fr\/factory\/formations\/","title":{"rendered":"Formations"},"content":{"rendered":"<h2>Formations<\/h2>\n<p>Les ateliers Musidrama sont des cours collectifs ou individuels de chant et d\u2019interpr\u00e9tation autour du r\u00e9pertoire de th\u00e9\u00e2tre musical.<\/p>\n<div class=\"accordeon\">\n<h3>Pour qui ? pour quoi ? par qui ?<\/h3>\n<p>Pour les passionn\u00e9s de th\u00e9\u00e2tre musical, les \u00e9tudiants en formation artistique, les professionnels cherchant \u00e0 perfectionner leur technique vocale et th\u00e9\u00e2trale, \u00e9largir leur r\u00e9pertoire, travailler en collectif (duos, sc\u00e8nes, ch\u0153urs), chanter sur sc\u00e8ne, \u2026<\/p>\n<p>Le th\u00e9\u00e2tre musical est un genre o\u00f9 la technique vocale et musicale est enti\u00e8rement au service d\u2019une histoire, d\u2019un personnage. Notre p\u00e9dagogie est transversale : pas de technique vocale sans interpr\u00e9tation, et vice versa. Elle est aussi int\u00e9grative : chacun est diff\u00e9rent, de par son timbre, son caract\u00e8re ; il nous semble inconcevable d\u2019imposer une seule technique pour tous. Chaque professeur, \u00e0 l\u2019\u00e9coute des sp\u00e9cificit\u00e9s de chacun, adapte son coaching. Enfin, le travail polyphonique nous semble indispensable, et est donc pr\u00e9sent \u00e0 chaque atelier.<\/p>\n<p>La formation est plac\u00e9e sous la direction de\u00a0<a href=\"https:\/\/musidrama.fr\/factory\/prof\/charlotte-ruby\/\">Charlotte RUBY<\/a>, prenant la succession de\u00a0<a href=\"https:\/\/musidrama.fr\/factory\/prof\/samuel-sene\/\">Samuel SEN\u00c9<\/a>, directeur artistique de la compagnie Musidrama. Sa p\u00e9dagogie s\u2019est d\u00e9j\u00e0 affirm\u00e9e dans de nombreux centres de formation. L&rsquo;\u00e9quipe p\u00e9dagogique s\u2019agrandit cette ann\u00e9e avec\u00a0<a href=\"https:\/\/musidrama.fr\/factory\/prof\/vianney-ledieu\/\">Vianney LEDIEU<\/a>.<\/p>\n<h3>O\u00f9 ? Quand ? Comment ?<\/h3>\n<p>Tous les ateliers ont lieu \u00e0 \u00ab La G\u00e9n\u00e9rale \u00bb, 11 rue Rabelais, 93100 Montreuil. A quelques m\u00e8tres du m\u00e9tro 9 \u2013 Mairie de Montreuil. C\u2019est un lieu d\u2019exception qui nous accueille, avec de nombreuses salles de cours, un vaste foyer \u00e9quip\u00e9, et un th\u00e9\u00e2tre de 165 places o\u00f9 nous faisons concerts et spectacles : <a href=\"https:\/\/www.la-generale.fr\/\" target=\"_blank\" rel=\"noopener\">www.la-generale.fr<\/a><\/p>\n<p>Les cours commencent en octobre et finissent fin mai. Il est possible de s\u2019inscrire tout au long de l\u2019ann\u00e9e jusqu&rsquo;\u00e0 72h avant le d\u00e9but d&rsquo;un atelier.<\/p>\n<p>Nous organisons des concerts au mois de janvier et mai.<\/p>\n<p>Gr\u00e2ce \u00e0 la certification Qualiopi, nous pouvons vous accompagner dans la demande d\u2019un financement AFDAS ou P\u00f4le Emploi. Contacter Emilie PEYRE, <a href=\"mailto:emilie@musidrama.fr\">emilie@musidrama.fr<\/a>)<\/p>\n<\/div>\n","protected":false},"excerpt":{"rendered":"<p>Formations Les ateliers Musidrama sont des cours collectifs ou individuels de chant et d\u2019interpr\u00e9tation autour du r\u00e9pertoire de th\u00e9\u00e2tre musical. Pour qui ? pour quoi ? par qui ? Pour les passionn\u00e9s de th\u00e9\u00e2tre musical, les \u00e9tudiants en formation artistique, les professionnels cherchant \u00e0 perfectionner leur technique vocale et th\u00e9\u00e2trale, \u00e9largir leur r\u00e9pertoire, travailler en &hellip; <a href=\"https:\/\/musidrama.fr\/factory\/formations\/\" class=\"more-link\">Continue reading <span class=\"screen-reader-text\">Formations<\/span><\/a><\/p>\n","protected":false},"author":1,"featured_media":0,"parent":0,"menu_order":2,"comment_status":"closed","ping_status":"closed","template":"formations.php","meta":{"_acf_changed":false,"footnotes":""},"class_list":["post-11","page","type-page","status-publish","hentry"],"acf":[],"_links":{"self":[{"href":"https:\/\/musidrama.fr\/factory\/wp-json\/wp\/v2\/pages\/11","targetHints":{"allow":["GET"]}}],"collection":[{"href":"https:\/\/musidrama.fr\/factory\/wp-json\/wp\/v2\/pages"}],"about":[{"href":"https:\/\/musidrama.fr\/factory\/wp-json\/wp\/v2\/types\/page"}],"author":[{"embeddable":true,"href":"https:\/\/musidrama.fr\/factory\/wp-json\/wp\/v2\/users\/1"}],"replies":[{"embeddable":true,"href":"https:\/\/musidrama.fr\/factory\/wp-json\/wp\/v2\/comments?post=11"}],"version-history":[{"count":23,"href":"https:\/\/musidrama.fr\/factory\/wp-json\/wp\/v2\/pages\/11\/revisions"}],"predecessor-version":[{"id":303,"href":"https:\/\/musidrama.fr\/factory\/wp-json\/wp\/v2\/pages\/11\/revisions\/303"}],"wp:attachment":[{"href":"https:\/\/musidrama.fr\/factory\/wp-json\/wp\/v2\/media?parent=11"}],"curies":[{"name":"wp","href":"https:\/\/api.w.org\/{rel}","templated":true}]}}